{"id":12,"date":"2025-06-18T23:04:13","date_gmt":"2025-06-18T21:04:13","guid":{"rendered":"http:\/\/ena2053.fr\/?page_id=12"},"modified":"2025-12-18T17:13:06","modified_gmt":"2025-12-18T16:13:06","slug":"agenda","status":"publish","type":"page","link":"https:\/\/ena2053.fr\/index.php\/agenda\/","title":{"rendered":"Permanences"},"content":{"rendered":"\n<h2 class=\"wp-block-heading\" style=\"text-transform:none\">Permanences de l&rsquo;ENA<\/h2>\n\n\n\n<script data-js='tribe-events-view-nonce-data' type='application\/json'>{\"tvn1\":\"8339cc9787\",\"tvn2\":\"\"}<\/script>\n\n\n\n<details class=\"wp-block-details is-layout-flow wp-block-details-is-layout-flow\"><summary>Le projet ENA vous int\u00e9resse&nbsp;? Vous souhaitez en savoir davantage, devenir partenaires ou b\u00e9n\u00e9voles&nbsp;? Rejoignez-nous sur l\u2019une des permanences mensuelles au Ch\u00e2teau Grand Ormeau \u00e0 Lalande de Pomerol.&nbsp;<br><\/summary>\n<p><\/p>\n<\/details>\n\n\n        <div class=\"wp-block-getwid-contact-form\" >\n            <form class='wp-block-getwid-contact-form__form'>\n    \n        <p class='wp-block-getwid-field-name'>\n\t    <label\n        for='name-69fb3eb9bccf2'\n        class='wp-block-getwid-field-name__label'\n    >Nom<\/label>\n\t    <input id='name-69fb3eb9bccf2' type='text' name='name'            required=''\n            \/>\n<\/p>\n\n\n        <p class='wp-block-getwid-field-email'>\n\t    <label\n\t\tfor='email-69fb3eb9bce2f'\n        class='wp-block-getwid-field-email__label'\n    >Adresse e-mail<\/label>\n\t    <input id='email-69fb3eb9bce2f' type='email' name='email'             required=''    \/>\n<\/p>\n\n\n        <p class='wp-block-getwid-field-textarea'>\n\t    <label\n\t\tfor='message-69fb3eb9bcf46'\n        class='wp-block-getwid-field-textarea__label'\n    >Message<\/label>\n\t    <textarea\n\t\tid='message-69fb3eb9bcf46' rows='5' name='message'            required=''\n            ><\/textarea>\n<\/p>\n\n\n\n<p><\/p>\n\n\n    <input name='subject' \t\ttype='hidden'\n\t\/>\n\n\t<p class='wp-block-getwid-contact-form__result'><\/p>\n\n\t<div class='wp-block-getwid-contact-form__submit'>\n\t\t<div class='wp-block-button'>\n\t\t\t<button\n\t\t\t\ttype='submit'\n\t\t\t\tclass='wp-block-button__link has-background has-custom-rose-bruy-re-background-color'\t\t\t\t\tstyle=''\t\t\t>Envoyer<\/button>\n\t\t<\/div>\n\n\t<\/div>\n<\/form>\n        <\/div>","protected":false},"excerpt":{"rendered":"<p>Permanences de l&rsquo;ENA<\/p>\n","protected":false},"author":1,"featured_media":0,"parent":0,"menu_order":0,"comment_status":"closed","ping_status":"closed","template":"","meta":{"_EventAllDay":false,"_EventTimezone":"","_EventStartDate":"","_EventEndDate":"","_EventStartDateUTC":"","_EventEndDateUTC":"","_EventShowMap":false,"_EventShowMapLink":false,"_EventURL":"","_EventCost":"","_EventCostDescription":"","_EventCurrencySymbol":"","_EventCurrencyCode":"","_EventCurrencyPosition":"","_EventDateTimeSeparator":"","_EventTimeRangeSeparator":"","_EventOrganizerID":[],"_EventVenueID":[],"_OrganizerEmail":"","_OrganizerPhone":"","_OrganizerWebsite":"","_VenueAddress":"","_VenueCity":"","_VenueCountry":"","_VenueProvince":"","_VenueState":"","_VenueZip":"","_VenuePhone":"","_VenueURL":"","_VenueStateProvince":"","_VenueLat":"","_VenueLng":"","_VenueShowMap":false,"_VenueShowMapLink":false,"footnotes":""},"class_list":["post-12","page","type-page","status-publish","hentry"],"yoast_head":"<!-- This site is optimized with the Yoast SEO plugin v25.8 - https:\/\/yoast.com\/wordpress\/plugins\/seo\/ -->\n<title>Permanences - \u00c9cole des Naturalistes d&#039;Aquitaine<\/title>\n<meta name=\"robots\" content=\"index, follow, max-snippet:-1, max-image-preview:large, max-video-preview:-1\" \/>\n<link rel=\"canonical\" href=\"https:\/\/ena2053.fr\/index.php\/agenda\/\" \/>\n<meta property=\"og:locale\" content=\"fr_FR\" \/>\n<meta property=\"og:type\" content=\"article\" \/>\n<meta property=\"og:title\" content=\"Permanences - \u00c9cole des Naturalistes d&#039;Aquitaine\" \/>\n<meta property=\"og:description\" content=\"Permanences de l&rsquo;ENA\" \/>\n<meta property=\"og:url\" content=\"https:\/\/ena2053.fr\/index.php\/agenda\/\" \/>\n<meta property=\"og:site_name\" content=\"\u00c9cole des Naturalistes d&#039;Aquitaine\" \/>\n<meta property=\"article:modified_time\" content=\"2025-12-18T16:13:06+00:00\" \/>\n<meta name=\"twitter:card\" content=\"summary_large_image\" \/>\n<script type=\"application\/ld+json\" class=\"yoast-schema-graph\">{\"@context\":\"https:\/\/schema.org\",\"@graph\":[{\"@type\":\"WebPage\",\"@id\":\"https:\/\/ena2053.fr\/index.php\/agenda\/\",\"url\":\"https:\/\/ena2053.fr\/index.php\/agenda\/\",\"name\":\"Permanences - \u00c9cole des Naturalistes d&#039;Aquitaine\",\"isPartOf\":{\"@id\":\"https:\/\/ena2053.fr\/#website\"},\"datePublished\":\"2025-06-18T21:04:13+00:00\",\"dateModified\":\"2025-12-18T16:13:06+00:00\",\"breadcrumb\":{\"@id\":\"https:\/\/ena2053.fr\/index.php\/agenda\/#breadcrumb\"},\"inLanguage\":\"fr-FR\",\"potentialAction\":[{\"@type\":\"ReadAction\",\"target\":[\"https:\/\/ena2053.fr\/index.php\/agenda\/\"]}]},{\"@type\":\"BreadcrumbList\",\"@id\":\"https:\/\/ena2053.fr\/index.php\/agenda\/#breadcrumb\",\"itemListElement\":[{\"@type\":\"ListItem\",\"position\":1,\"name\":\"Accueil\",\"item\":\"https:\/\/ena2053.fr\/\"},{\"@type\":\"ListItem\",\"position\":2,\"name\":\"Permanences\"}]},{\"@type\":\"WebSite\",\"@id\":\"https:\/\/ena2053.fr\/#website\",\"url\":\"https:\/\/ena2053.fr\/\",\"name\":\"\u00c9cole des Naturalistes d'Aquitaine\",\"description\":\"Pour une nouvelle \u00e9cole de la vie\",\"publisher\":{\"@id\":\"https:\/\/ena2053.fr\/#organization\"},\"potentialAction\":[{\"@type\":\"SearchAction\",\"target\":{\"@type\":\"EntryPoint\",\"urlTemplate\":\"https:\/\/ena2053.fr\/?s={search_term_string}\"},\"query-input\":{\"@type\":\"PropertyValueSpecification\",\"valueRequired\":true,\"valueName\":\"search_term_string\"}}],\"inLanguage\":\"fr-FR\"},{\"@type\":\"Organization\",\"@id\":\"https:\/\/ena2053.fr\/#organization\",\"name\":\"\u00c9cole des Naturalistes d'Aquitaine\",\"url\":\"https:\/\/ena2053.fr\/\",\"logo\":{\"@type\":\"ImageObject\",\"inLanguage\":\"fr-FR\",\"@id\":\"https:\/\/ena2053.fr\/#\/schema\/logo\/image\/\",\"url\":\"https:\/\/ena2053.fr\/wp-content\/uploads\/2025\/08\/cropped-LOGO_FOND_VERTF.png\",\"contentUrl\":\"https:\/\/ena2053.fr\/wp-content\/uploads\/2025\/08\/cropped-LOGO_FOND_VERTF.png\",\"width\":512,\"height\":512,\"caption\":\"\u00c9cole des Naturalistes d'Aquitaine\"},\"image\":{\"@id\":\"https:\/\/ena2053.fr\/#\/schema\/logo\/image\/\"}}]}<\/script>\n<!-- \/ Yoast SEO plugin. -->","yoast_head_json":{"title":"Permanences - \u00c9cole des Naturalistes d&#039;Aquitaine","robots":{"index":"index","follow":"follow","max-snippet":"max-snippet:-1","max-image-preview":"max-image-preview:large","max-video-preview":"max-video-preview:-1"},"canonical":"https:\/\/ena2053.fr\/index.php\/agenda\/","og_locale":"fr_FR","og_type":"article","og_title":"Permanences - \u00c9cole des Naturalistes d&#039;Aquitaine","og_description":"Permanences de l&rsquo;ENA","og_url":"https:\/\/ena2053.fr\/index.php\/agenda\/","og_site_name":"\u00c9cole des Naturalistes d&#039;Aquitaine","article_modified_time":"2025-12-18T16:13:06+00:00","twitter_card":"summary_large_image","schema":{"@context":"https:\/\/schema.org","@graph":[{"@type":"WebPage","@id":"https:\/\/ena2053.fr\/index.php\/agenda\/","url":"https:\/\/ena2053.fr\/index.php\/agenda\/","name":"Permanences - \u00c9cole des Naturalistes d&#039;Aquitaine","isPartOf":{"@id":"https:\/\/ena2053.fr\/#website"},"datePublished":"2025-06-18T21:04:13+00:00","dateModified":"2025-12-18T16:13:06+00:00","breadcrumb":{"@id":"https:\/\/ena2053.fr\/index.php\/agenda\/#breadcrumb"},"inLanguage":"fr-FR","potentialAction":[{"@type":"ReadAction","target":["https:\/\/ena2053.fr\/index.php\/agenda\/"]}]},{"@type":"BreadcrumbList","@id":"https:\/\/ena2053.fr\/index.php\/agenda\/#breadcrumb","itemListElement":[{"@type":"ListItem","position":1,"name":"Accueil","item":"https:\/\/ena2053.fr\/"},{"@type":"ListItem","position":2,"name":"Permanences"}]},{"@type":"WebSite","@id":"https:\/\/ena2053.fr\/#website","url":"https:\/\/ena2053.fr\/","name":"\u00c9cole des Naturalistes d'Aquitaine","description":"Pour une nouvelle \u00e9cole de la vie","publisher":{"@id":"https:\/\/ena2053.fr\/#organization"},"potentialAction":[{"@type":"SearchAction","target":{"@type":"EntryPoint","urlTemplate":"https:\/\/ena2053.fr\/?s={search_term_string}"},"query-input":{"@type":"PropertyValueSpecification","valueRequired":true,"valueName":"search_term_string"}}],"inLanguage":"fr-FR"},{"@type":"Organization","@id":"https:\/\/ena2053.fr\/#organization","name":"\u00c9cole des Naturalistes d'Aquitaine","url":"https:\/\/ena2053.fr\/","logo":{"@type":"ImageObject","inLanguage":"fr-FR","@id":"https:\/\/ena2053.fr\/#\/schema\/logo\/image\/","url":"https:\/\/ena2053.fr\/wp-content\/uploads\/2025\/08\/cropped-LOGO_FOND_VERTF.png","contentUrl":"https:\/\/ena2053.fr\/wp-content\/uploads\/2025\/08\/cropped-LOGO_FOND_VERTF.png","width":512,"height":512,"caption":"\u00c9cole des Naturalistes d'Aquitaine"},"image":{"@id":"https:\/\/ena2053.fr\/#\/schema\/logo\/image\/"}}]}},"_links":{"self":[{"href":"https:\/\/ena2053.fr\/index.php\/wp-json\/wp\/v2\/pages\/12","targetHints":{"allow":["GET"]}}],"collection":[{"href":"https:\/\/ena2053.fr\/index.php\/wp-json\/wp\/v2\/pages"}],"about":[{"href":"https:\/\/ena2053.fr\/index.php\/wp-json\/wp\/v2\/types\/page"}],"author":[{"embeddable":true,"href":"https:\/\/ena2053.fr\/index.php\/wp-json\/wp\/v2\/users\/1"}],"replies":[{"embeddable":true,"href":"https:\/\/ena2053.fr\/index.php\/wp-json\/wp\/v2\/comments?post=12"}],"version-history":[{"count":12,"href":"https:\/\/ena2053.fr\/index.php\/wp-json\/wp\/v2\/pages\/12\/revisions"}],"predecessor-version":[{"id":266,"href":"https:\/\/ena2053.fr\/index.php\/wp-json\/wp\/v2\/pages\/12\/revisions\/266"}],"wp:attachment":[{"href":"https:\/\/ena2053.fr\/index.php\/wp-json\/wp\/v2\/media?parent=12"}],"curies":[{"name":"wp","href":"https:\/\/api.w.org\/{rel}","templated":true}]}}