{"id":2,"date":"2025-06-18T22:10:38","date_gmt":"2025-06-18T20:10:38","guid":{"rendered":"http:\/\/ena2053.fr\/?page_id=2"},"modified":"2026-03-27T11:42:16","modified_gmt":"2026-03-27T10:42:16","slug":"page-d-exemple","status":"publish","type":"page","link":"https:\/\/ena2053.fr\/","title":{"rendered":""},"content":{"rendered":"\n<p>Ceci est une page d\u2019exemple. C\u2019est diff\u00e9rent d\u2019un article de blog parce qu\u2019elle restera au m\u00eame endroit et appara\u00eetra dans la navigation de votre site (dans la plupart des th\u00e8mes). La plupart des gens commencent par une page \u00ab&nbsp;\u00c0 propos&nbsp;\u00bb qui les pr\u00e9sente aux personnes visitant le site. Cela pourrait ressembler \u00e0 quelque chose comme cela&nbsp;:<\/p>\n\n\n\n<p>\u2026ou quelque chose comme cela&nbsp;:<\/p>\n\n\n\n<p>En tant que nouvel utilisateur ou utilisatrice de WordPress, vous devriez vous rendre sur <a href=\"http:\/\/ena2053.fr\/wp-admin\/\">votre tableau de bord<\/a> pour supprimer cette page et cr\u00e9er de nouvelles pages pour votre contenu. Amusez-vous bien&nbsp;!<\/p>\n","protected":false},"excerpt":{"rendered":"<p>Ceci est une page d\u2019exemple. C\u2019est diff\u00e9rent d\u2019un article de blog parce qu\u2019elle restera au m\u00eame endroit et appara\u00eetra dans la navigation de votre site (dans la plupart des th\u00e8mes). [&hellip;]<\/p>\n","protected":false},"author":1,"featured_media":0,"parent":0,"menu_order":0,"comment_status":"closed","ping_status":"open","template":"","meta":{"_EventAllDay":false,"_EventTimezone":"","_EventStartDate":"","_EventEndDate":"","_EventStartDateUTC":"","_EventEndDateUTC":"","_EventShowMap":false,"_EventShowMapLink":false,"_EventURL":"","_EventCost":"","_EventCostDescription":"","_EventCurrencySymbol":"","_EventCurrencyCode":"","_EventCurrencyPosition":"","_EventDateTimeSeparator":"","_EventTimeRangeSeparator":"","_EventOrganizerID":[],"_EventVenueID":[],"_OrganizerEmail":"","_OrganizerPhone":"","_OrganizerWebsite":"","_VenueAddress":"","_VenueCity":"","_VenueCountry":"","_VenueProvince":"","_VenueState":"","_VenueZip":"","_VenuePhone":"","_VenueURL":"","_VenueStateProvince":"","_VenueLat":"","_VenueLng":"","_VenueShowMap":false,"_VenueShowMapLink":false,"footnotes":""},"class_list":["post-2","page","type-page","status-publish","hentry"],"yoast_head":"<!-- This site is optimized with the Yoast SEO plugin v25.8 - https:\/\/yoast.com\/wordpress\/plugins\/seo\/ -->\n<title>- \u00c9cole des Naturalistes d&#039;Aquitaine<\/title>\n<meta name=\"robots\" content=\"index, follow, max-snippet:-1, max-image-preview:large, max-video-preview:-1\" \/>\n<link rel=\"canonical\" href=\"https:\/\/ena2053.fr\/\" \/>\n<meta property=\"og:locale\" content=\"fr_FR\" \/>\n<meta property=\"og:type\" content=\"article\" \/>\n<meta property=\"og:title\" content=\"- \u00c9cole des Naturalistes d&#039;Aquitaine\" \/>\n<meta property=\"og:description\" content=\"Ceci est une page d\u2019exemple. C\u2019est diff\u00e9rent d\u2019un article de blog parce qu\u2019elle restera au m\u00eame endroit et appara\u00eetra dans la navigation de votre site (dans la plupart des th\u00e8mes). [&hellip;]\" \/>\n<meta property=\"og:url\" content=\"https:\/\/ena2053.fr\/\" \/>\n<meta property=\"og:site_name\" content=\"\u00c9cole des Naturalistes d&#039;Aquitaine\" \/>\n<meta property=\"article:modified_time\" content=\"2026-03-27T10:42:16+00:00\" \/>\n<meta name=\"twitter:card\" content=\"summary_large_image\" \/>\n<meta name=\"twitter:label1\" content=\"Dur\u00e9e de lecture estim\u00e9e\" \/>\n\t<meta name=\"twitter:data1\" content=\"1 minute\" \/>\n<script type=\"application\/ld+json\" class=\"yoast-schema-graph\">{\"@context\":\"https:\/\/schema.org\",\"@graph\":[{\"@type\":\"WebPage\",\"@id\":\"https:\/\/ena2053.fr\/\",\"url\":\"https:\/\/ena2053.fr\/\",\"name\":\"- \u00c9cole des Naturalistes d&#039;Aquitaine\",\"isPartOf\":{\"@id\":\"https:\/\/ena2053.fr\/#website\"},\"datePublished\":\"2025-06-18T20:10:38+00:00\",\"dateModified\":\"2026-03-27T10:42:16+00:00\",\"inLanguage\":\"fr-FR\",\"potentialAction\":[{\"@type\":\"ReadAction\",\"target\":[\"https:\/\/ena2053.fr\/\"]}]},{\"@type\":\"WebSite\",\"@id\":\"https:\/\/ena2053.fr\/#website\",\"url\":\"https:\/\/ena2053.fr\/\",\"name\":\"\u00c9cole des Naturalistes d'Aquitaine\",\"description\":\"Pour une nouvelle \u00e9cole de la vie\",\"publisher\":{\"@id\":\"https:\/\/ena2053.fr\/#organization\"},\"potentialAction\":[{\"@type\":\"SearchAction\",\"target\":{\"@type\":\"EntryPoint\",\"urlTemplate\":\"https:\/\/ena2053.fr\/?s={search_term_string}\"},\"query-input\":{\"@type\":\"PropertyValueSpecification\",\"valueRequired\":true,\"valueName\":\"search_term_string\"}}],\"inLanguage\":\"fr-FR\"},{\"@type\":\"Organization\",\"@id\":\"https:\/\/ena2053.fr\/#organization\",\"name\":\"\u00c9cole des Naturalistes d'Aquitaine\",\"url\":\"https:\/\/ena2053.fr\/\",\"logo\":{\"@type\":\"ImageObject\",\"inLanguage\":\"fr-FR\",\"@id\":\"https:\/\/ena2053.fr\/#\/schema\/logo\/image\/\",\"url\":\"https:\/\/ena2053.fr\/wp-content\/uploads\/2025\/08\/cropped-LOGO_FOND_VERTF.png\",\"contentUrl\":\"https:\/\/ena2053.fr\/wp-content\/uploads\/2025\/08\/cropped-LOGO_FOND_VERTF.png\",\"width\":512,\"height\":512,\"caption\":\"\u00c9cole des Naturalistes d'Aquitaine\"},\"image\":{\"@id\":\"https:\/\/ena2053.fr\/#\/schema\/logo\/image\/\"}}]}<\/script>\n<!-- \/ Yoast SEO plugin. -->","yoast_head_json":{"title":"- \u00c9cole des Naturalistes d&#039;Aquitaine","robots":{"index":"index","follow":"follow","max-snippet":"max-snippet:-1","max-image-preview":"max-image-preview:large","max-video-preview":"max-video-preview:-1"},"canonical":"https:\/\/ena2053.fr\/","og_locale":"fr_FR","og_type":"article","og_title":"- \u00c9cole des Naturalistes d&#039;Aquitaine","og_description":"Ceci est une page d\u2019exemple. C\u2019est diff\u00e9rent d\u2019un article de blog parce qu\u2019elle restera au m\u00eame endroit et appara\u00eetra dans la navigation de votre site (dans la plupart des th\u00e8mes). [&hellip;]","og_url":"https:\/\/ena2053.fr\/","og_site_name":"\u00c9cole des Naturalistes d&#039;Aquitaine","article_modified_time":"2026-03-27T10:42:16+00:00","twitter_card":"summary_large_image","twitter_misc":{"Dur\u00e9e de lecture estim\u00e9e":"1 minute"},"schema":{"@context":"https:\/\/schema.org","@graph":[{"@type":"WebPage","@id":"https:\/\/ena2053.fr\/","url":"https:\/\/ena2053.fr\/","name":"- \u00c9cole des Naturalistes d&#039;Aquitaine","isPartOf":{"@id":"https:\/\/ena2053.fr\/#website"},"datePublished":"2025-06-18T20:10:38+00:00","dateModified":"2026-03-27T10:42:16+00:00","inLanguage":"fr-FR","potentialAction":[{"@type":"ReadAction","target":["https:\/\/ena2053.fr\/"]}]},{"@type":"WebSite","@id":"https:\/\/ena2053.fr\/#website","url":"https:\/\/ena2053.fr\/","name":"\u00c9cole des Naturalistes d'Aquitaine","description":"Pour une nouvelle \u00e9cole de la vie","publisher":{"@id":"https:\/\/ena2053.fr\/#organization"},"potentialAction":[{"@type":"SearchAction","target":{"@type":"EntryPoint","urlTemplate":"https:\/\/ena2053.fr\/?s={search_term_string}"},"query-input":{"@type":"PropertyValueSpecification","valueRequired":true,"valueName":"search_term_string"}}],"inLanguage":"fr-FR"},{"@type":"Organization","@id":"https:\/\/ena2053.fr\/#organization","name":"\u00c9cole des Naturalistes d'Aquitaine","url":"https:\/\/ena2053.fr\/","logo":{"@type":"ImageObject","inLanguage":"fr-FR","@id":"https:\/\/ena2053.fr\/#\/schema\/logo\/image\/","url":"https:\/\/ena2053.fr\/wp-content\/uploads\/2025\/08\/cropped-LOGO_FOND_VERTF.png","contentUrl":"https:\/\/ena2053.fr\/wp-content\/uploads\/2025\/08\/cropped-LOGO_FOND_VERTF.png","width":512,"height":512,"caption":"\u00c9cole des Naturalistes d'Aquitaine"},"image":{"@id":"https:\/\/ena2053.fr\/#\/schema\/logo\/image\/"}}]}},"_links":{"self":[{"href":"https:\/\/ena2053.fr\/index.php\/wp-json\/wp\/v2\/pages\/2","targetHints":{"allow":["GET"]}}],"collection":[{"href":"https:\/\/ena2053.fr\/index.php\/wp-json\/wp\/v2\/pages"}],"about":[{"href":"https:\/\/ena2053.fr\/index.php\/wp-json\/wp\/v2\/types\/page"}],"author":[{"embeddable":true,"href":"https:\/\/ena2053.fr\/index.php\/wp-json\/wp\/v2\/users\/1"}],"replies":[{"embeddable":true,"href":"https:\/\/ena2053.fr\/index.php\/wp-json\/wp\/v2\/comments?post=2"}],"version-history":[{"count":2,"href":"https:\/\/ena2053.fr\/index.php\/wp-json\/wp\/v2\/pages\/2\/revisions"}],"predecessor-version":[{"id":305,"href":"https:\/\/ena2053.fr\/index.php\/wp-json\/wp\/v2\/pages\/2\/revisions\/305"}],"wp:attachment":[{"href":"https:\/\/ena2053.fr\/index.php\/wp-json\/wp\/v2\/media?parent=2"}],"curies":[{"name":"wp","href":"https:\/\/api.w.org\/{rel}","templated":true}]}}